{"id":234645,"date":"2023-05-04T09:43:53","date_gmt":"2023-05-04T07:43:53","guid":{"rendered":"https:\/\/www.tapes-and-more.de\/?post_type=product&#038;p=234645"},"modified":"2023-11-08T10:43:47","modified_gmt":"2023-11-08T09:43:47","slug":"5437","status":"publish","type":"product","link":"https:\/\/www.tapes-and-more.de\/en\/product-2\/5437\/","title":{"rendered":"PIB tape, self-sealing"},"content":{"rendered":"<p>Repair and seal pipes, hoses and insulation materials. An all-round sealing tape for workshop, home and leisure. Typical use is the repair of telephone cables.<\/p>\n<h4>PIB tape with specifications according to BS903 and ASTM D149. The tape can be painted over and is resistant to -40 \u00b0C, water, UV rays, plasticisers and ozone.<\/h4>","protected":false},"excerpt":{"rendered":"<p>Self-sealing tape based on (PIB)polyisobutylene on an embossed film liner. Very stretchable, extremely flexible and welds to itself within a very short time.<\/p>\n<p>&nbsp;<\/p>","protected":false},"featured_media":235244,"template":"","meta":[],"product_brand":[],"product_cat":[115,120,123,353,83,350,151,346,157,172,205,183,191,169,202,189,180,156,149,80],"product_tag":[],"class_list":{"0":"post-234645","1":"product","2":"type-product","3":"status-publish","4":"has-post-thumbnail","6":"product_cat-abdichten","7":"product_cat-isolieren","8":"product_cat-sichern","9":"product_cat-spezial-sichern","10":"product_cat-spezial","11":"product_cat-spezial-isolieren","12":"product_cat-spezial-bau","13":"product_cat-spezial-abdichten","14":"product_cat-spezial-elektro-_und_kabelindustrie","15":"product_cat-spezial-handel","16":"product_cat-spezial-veranstaltungstechnik","17":"product_cat-spezial-messebau","18":"product_cat-spezial-maschinen-_und_anlagenbau","19":"product_cat-traegerlos-handel","20":"product_cat-traegerlos-veranstaltungstechnik","21":"product_cat-traegerlos-maschinen-_und_anlagenbau","22":"product_cat-traegerlos-messebau","23":"product_cat-traegerlos-elektro-_und_kabelindustrie","24":"product_cat-traegerlos-bau","25":"product_cat-traegerlos","27":"first","28":"instock","29":"product-type-simple"},"meta_box":{"woo_sort_prod_cloth":"","woo_sort_app":"","woo_sort_branch":"","woo_sort_prod_metal":"","woo_beschreibung-produkt":"PIB-Band mit Spezifikationen nach BS903 und ASTM D149 best\u00e4tigt. Das Band kann \u00fcberlackiert werden, ist bis -40 \u00b0C sowie gegen Wasser, UV-Strahlen, Weichmacher und Ozon best\u00e4ndig.","woo_kurztext":"","woo_traeger":"Polyisobutylen","woo_tragerstarke":"500 \u00b5m","woo_gesamtstaerke":"500 \u00b5m","woo_mesh":"","woo_klebertyp":"ohne","woo_klebekraft":"","woo_reissfestigkeit":"10 N\/cm","woo_dehnung":"900 %","woo_temperatur":"- 40 bis 90 \u00b0C","woo_durchschlagsfestigkeit":"42 KV\/mm","woo_durchschlagsspannung":"","woo_wasserundurchlaessig":"","woo_liner":"PP-Folie gepr\u00e4gt, wei\u00df","woo_kern_typ":"Kunstoff","woo_kern_mm":"38 mm","woo_spec":"Dehnung und Rei\u00dffestigkeit nach BS903. Durchschlagspannung nach ASTM D149. Das Band kann \u00fcberlackiert werden, ist bis -40 \u00b0C sowie gegen Wasser, UV-Strahlen, Weichmacher und Ozon best\u00e4ndig.","woo_uv_bestaendigkeit":"sehr gut","woo_laengen":"5 und 10 m","woo_breite":"19, 38 und 50 mm","woo_farben":"schwarz"},"_links":{"self":[{"href":"https:\/\/www.tapes-and-more.de\/en\/wp-json\/wp\/v2\/product\/234645","targetHints":{"allow":["GET"]}}],"collection":[{"href":"https:\/\/www.tapes-and-more.de\/en\/wp-json\/wp\/v2\/product"}],"about":[{"href":"https:\/\/www.tapes-and-more.de\/en\/wp-json\/wp\/v2\/types\/product"}],"wp:featuredmedia":[{"embeddable":true,"href":"https:\/\/www.tapes-and-more.de\/en\/wp-json\/wp\/v2\/media\/235244"}],"wp:attachment":[{"href":"https:\/\/www.tapes-and-more.de\/en\/wp-json\/wp\/v2\/media?parent=234645"}],"wp:term":[{"taxonomy":"product_brand","embeddable":true,"href":"https:\/\/www.tapes-and-more.de\/en\/wp-json\/wp\/v2\/product_brand?post=234645"},{"taxonomy":"product_cat","embeddable":true,"href":"https:\/\/www.tapes-and-more.de\/en\/wp-json\/wp\/v2\/product_cat?post=234645"},{"taxonomy":"product_tag","embeddable":true,"href":"https:\/\/www.tapes-and-more.de\/en\/wp-json\/wp\/v2\/product_tag?post=234645"}],"curies":[{"name":"wp","href":"https:\/\/api.w.org\/{rel}","templated":true}]}}