{"id":234670,"date":"2023-05-05T07:54:57","date_gmt":"2023-05-05T05:54:57","guid":{"rendered":"https:\/\/www.tapes-and-more.de\/?post_type=product&#038;p=234670"},"modified":"2023-11-16T12:34:47","modified_gmt":"2023-11-16T11:34:47","slug":"f581","status":"publish","type":"product","link":"https:\/\/www.tapes-and-more.de\/en\/product-2\/f581\/","title":{"rendered":"Punched part made of butyl rubber with fleece"},"content":{"rendered":"<p>Very good adhesion to a wide variety of substrates, for sealing gaps and seams or for damping vibrations.  - Can be exposed to temperatures of up to 160 \u00b0C for short periods.   - Water vapour permeability: 0.18 g\/m\u00b2\/24h\/mm - Specific weight: 1.6 g\/cm\u00b3 - Other die cuts and dimensions on request.   - Available in rolls (art. no. 5237) and in 1 mm thickness (art. no. F502).<\/p>\n<h4>Moulded die-cut part made of 2 mm thick butyl with fleece (see also our <a href=\"https:\/\/www.tapes-and-more.de\/wp-content\/uploads\/Katalog-Automobil-v1.0.pdf\">Automobile catalogue<\/a>)<\/h4>","protected":false},"excerpt":{"rendered":"<p>One-sided adhesive, highly and permanently elastic, temperature-resistant die-cut made of butyl rubber, laminated with a paintable polyester fleece and covered with a white paper backing.<\/p>","protected":false},"featured_media":0,"template":"","meta":[],"product_brand":[],"product_cat":[85,143],"product_tag":[],"class_list":{"0":"post-234670","1":"product","2":"type-product","3":"status-publish","5":"product_cat-stanzteile","6":"product_cat-stanzteile-automotive","8":"first","9":"instock","10":"product-type-simple"},"meta_box":{"woo_sort_prod_cloth":"","woo_sort_app":"","woo_sort_branch":"","woo_sort_prod_metal":"","woo_beschreibung-produkt":"Stanzteil aus 2 mm Butyl mit Vlies - Einzigartig ist der hoch- und dauerelastische, temperaturbest\u00e4ndige Butylkautschuk","woo_kurztext":"","woo_traeger":"PET-Vlies","woo_tragerstarke":"","woo_gesamtstaerke":"2000 \u00b5m","woo_mesh":"","woo_klebertyp":"Butylkautschuk","woo_klebekraft":"9 N\/cm","woo_reissfestigkeit":"","woo_dehnung":"","woo_temperatur":"- 40 bis 90 \u00b0C","woo_durchschlagsfestigkeit":"","woo_durchschlagsspannung":"","woo_wasserundurchlaessig":"","woo_liner":"Papier","woo_kern_typ":".","woo_kern_mm":"","woo_spec":"Kurzzeitig bis 160 \u00b0C belastbar. Andere Stanzformen und Abmessungen auf Anfrage. Als Rollenware (Art.-Nr. 5237) und in 1 mm St\u00e4rke (Art.-Nr. F502) erh\u00e4ltlich. Wasserdampfdurchl\u00e4ssigkeit: 0,18 g\/m\u00b2\/24h\/mm, Spezifisches Gewicht: 1,6 g\/cm\u00b3","woo_uv_bestaendigkeit":"","woo_laengen":"Stanzteil auf Rolle, bspw. 50 mm x 20 mm","woo_breite":"70 mm x 40 mm oder 35 mm x 35 mm","woo_farben":"hellgrau"},"_links":{"self":[{"href":"https:\/\/www.tapes-and-more.de\/en\/wp-json\/wp\/v2\/product\/234670","targetHints":{"allow":["GET"]}}],"collection":[{"href":"https:\/\/www.tapes-and-more.de\/en\/wp-json\/wp\/v2\/product"}],"about":[{"href":"https:\/\/www.tapes-and-more.de\/en\/wp-json\/wp\/v2\/types\/product"}],"wp:attachment":[{"href":"https:\/\/www.tapes-and-more.de\/en\/wp-json\/wp\/v2\/media?parent=234670"}],"wp:term":[{"taxonomy":"product_brand","embeddable":true,"href":"https:\/\/www.tapes-and-more.de\/en\/wp-json\/wp\/v2\/product_brand?post=234670"},{"taxonomy":"product_cat","embeddable":true,"href":"https:\/\/www.tapes-and-more.de\/en\/wp-json\/wp\/v2\/product_cat?post=234670"},{"taxonomy":"product_tag","embeddable":true,"href":"https:\/\/www.tapes-and-more.de\/en\/wp-json\/wp\/v2\/product_tag?post=234670"}],"curies":[{"name":"wp","href":"https:\/\/api.w.org\/{rel}","templated":true}]}}