{"id":234676,"date":"2023-05-05T08:12:43","date_gmt":"2023-05-05T06:12:43","guid":{"rendered":"https:\/\/www.tapes-and-more.de\/?post_type=product&#038;p=234676"},"modified":"2023-11-16T12:23:34","modified_gmt":"2023-11-16T11:23:34","slug":"g356","status":"publish","type":"product","link":"https:\/\/www.tapes-and-more.de\/en\/product-2\/g356\/","title":{"rendered":"Electronic tape dispenser with reinforced motor suitable up to 50 mm"},"content":{"rendered":"<p>Electronic tape dispenser with reinforced motor suitable up to 50 mm<\/p>\n<h4>Tape dispenser for automatic removal<\/h4>\n<p>&nbsp;<\/p>\n<p>&nbsp;<\/p>","protected":false},"excerpt":{"rendered":"<p>Electronic tape dispenser with reinforced motor suitable up to 50 mm<\/p>\n<hr \/>\n<p>Dieser elektrische Abroller kann f\u00fcr die meisten Klebeb\u00e4nder ben\u00fctzt werden. Die schm\u00e4lsten B\u00e4nder d\u00fcrfen 12 mm und die breitesten 50 mm breit sein. Die einzelnen L\u00e4ngen lassen sich von 10 bis 999 mm einstellen, soda\u00df nach der Entnahme eines Streifens auch sofort ein neuer zur Verf\u00fcgung gestellt werden kann wenn dies eingestellt wird.<\/p>\n<p>Auch <a href=\"https:\/\/www.tapes-and-more.de\/en\/product-2\/g357\/\">with immediately available grip tab<\/a> to receive.<\/p>","protected":false},"featured_media":235642,"template":"","meta":[],"product_brand":[],"product_cat":[174,86],"product_tag":[],"class_list":{"0":"post-234676","1":"product","2":"type-product","3":"status-publish","4":"has-post-thumbnail","6":"product_cat-geraete-handel","7":"product_cat-zubehoer_und_geraete","9":"first","10":"instock","11":"product-type-simple"},"meta_box":{"woo_sort_prod_cloth":"","woo_sort_app":"","woo_sort_branch":"","woo_sort_prod_metal":"","woo_beschreibung-produkt":"Der elektronischen Bandspender Nr. G356 um schnell einen Klebestreifen zu entnehmen","woo_kurztext":"","woo_traeger":"","woo_tragerstarke":"","woo_gesamtstaerke":"","woo_mesh":"","woo_klebertyp":".","woo_klebekraft":"","woo_reissfestigkeit":"","woo_dehnung":"","woo_temperatur":"","woo_durchschlagsfestigkeit":"","woo_durchschlagsspannung":"","woo_wasserundurchlaessig":"","woo_liner":"","woo_kern_typ":".","woo_kern_mm":"76 mm","woo_spec":"","woo_uv_bestaendigkeit":"","woo_laengen":"","woo_breite":"50 mm","woo_farben":""},"_links":{"self":[{"href":"https:\/\/www.tapes-and-more.de\/en\/wp-json\/wp\/v2\/product\/234676","targetHints":{"allow":["GET"]}}],"collection":[{"href":"https:\/\/www.tapes-and-more.de\/en\/wp-json\/wp\/v2\/product"}],"about":[{"href":"https:\/\/www.tapes-and-more.de\/en\/wp-json\/wp\/v2\/types\/product"}],"wp:featuredmedia":[{"embeddable":true,"href":"https:\/\/www.tapes-and-more.de\/en\/wp-json\/wp\/v2\/media\/235642"}],"wp:attachment":[{"href":"https:\/\/www.tapes-and-more.de\/en\/wp-json\/wp\/v2\/media?parent=234676"}],"wp:term":[{"taxonomy":"product_brand","embeddable":true,"href":"https:\/\/www.tapes-and-more.de\/en\/wp-json\/wp\/v2\/product_brand?post=234676"},{"taxonomy":"product_cat","embeddable":true,"href":"https:\/\/www.tapes-and-more.de\/en\/wp-json\/wp\/v2\/product_cat?post=234676"},{"taxonomy":"product_tag","embeddable":true,"href":"https:\/\/www.tapes-and-more.de\/en\/wp-json\/wp\/v2\/product_tag?post=234676"}],"curies":[{"name":"wp","href":"https:\/\/api.w.org\/{rel}","templated":true}]}}