{"id":235422,"date":"2023-09-26T12:18:16","date_gmt":"2023-09-26T10:18:16","guid":{"rendered":"https:\/\/www.tapes-and-more.de\/?post_type=product&#038;p=235422"},"modified":"2023-11-21T07:28:19","modified_gmt":"2023-11-21T06:28:19","slug":"tiles-test-123","status":"publish","type":"product","link":"https:\/\/www.tapes-and-more.de\/en\/product-2\/tiles-test-123\/","title":{"rendered":"INFO: TEST - Flies"},"content":{"rendered":"<h4>Double-sided water-soluble fleece (Fleece is spelled with an \"F\"!)<\/h4>\n<hr \/>\n<h2><span style=\"color: #ff0000;\">Article changed for TESTING !<\/span> (max. 83 out of 100 score achieved, from 81 is good)<\/h2>\n<p>The basis is the advertising (see \"Rank Math SEO\") that one would place. The way the parts are constructed MUST also be the FOCUS. So everything goes to the focus words. Of these, the focus KEY word is the most important. This is the reason why Google would jump to the article\/blog\/... in the first place.<\/p>\n<h4>A headline should be present in H1 - H4 (3 score).<\/h4>\n<p><span style=\"color: #993300;\">The focus keyword and a number should be used in the URL (1-3 score). The keyword must be used at the beginning of the text (3 score). A keyword may only be used for one article (otherwise 1 score deducted), as Google does not use this keyword in the text. <strong>the<\/strong> Keyword needs.<\/span><\/p>\n<p><span style=\"color: #ff0000;\">further see \"Product Short Description\" !<\/span><\/p>","protected":false},"excerpt":{"rendered":"<h4><strong>Dieses <\/strong>bemerkenswerte Flies hat 3 gute Eigenschaften. Doppelseitiges Flies wasserl\u00f6slich<\/h4>\n<hr \/>\n<p><span style=\"color: #993300;\"><strong>Weitere INFOS:\u00a0<\/strong><\/span><\/p>\n<p>Die SEO-Beschreibung ist der Snippet, der unter dem Titel im SERP erscheint.<\/p>\n<p>Der gesamte Text sollte mindestens 600 W\u00f6rter lang sein da nur dann der SEO-Score (ab 600 = 1 &#8211; 8 Score) erh\u00f6ht wird. Dabei z\u00e4hlt hier die &#8220;Produktbeschreibung&#8221; und die unten stehende &#8220;Produkt Kurzbeschreibung&#8221; zusammen.<\/p>\n<p>Die Abs\u00e4tze d\u00fcrfen keine 120 W\u00f6rter \u00fcberschreiten, die &#8220;Produktbeschreibung&#8221; gilt als ein Absatz! (3 Score). Die &#8220;Produktbeschreibung&#8221; kann gestaltet werden und wird auch so angezeigt. Die &#8220;Produkt Kurzbeschreibung&#8221; wird ohne Gestaltung (au\u00dfer Abs\u00e4tze) angezeigt.<\/p>\n<p><span style=\"color: #000000;\">Der Werbetext (dieser z\u00e4hlt f\u00fcr die Score!):<\/span><br \/>\n<span style=\"color: #000000;\">Urspr\u00fcnglich war bei den Artikeln als Werbetext die Kombination:<br \/>\nPreviously for the articles: %title% %sep% %customfield(woo_kurztext)% %wc_sku%<br \/>\nNEW as advertising text: %customfield(woo_description-product)% %sep% %sitename%<br \/>\ndas hat den Vorteil, dass man in das hauseigenen Feld &#8220;Beschreibung-Produkt&#8221; (siehe unten unter &#8220;Woocommerce &#8211; Produktdetails&#8221;) ein Powerwort einbringen kann.<\/span><\/p>\n<p><span style=\"color: #000000;\">W\u00f6rter die Aufmerksamkeit erregen (Powerwort) sollen mit eingearbeitet werden (z.B. &#8220;bemerkenswert&#8221;, &#8220;hervorragend&#8221;, usw.) (3 Score),\u00a0\u00a0 auch im Produkt-Titel(\/Name\/Bezeichnung) oder wenn im Snippet(Werbung) dann z.B. in &#8220;Beschreibung-Produkt&#8221; (1-2 Score)\u00a0\u00a0\u00a0<\/span><span style=\"color: #000000;\">\u00a0\u00a0 <\/span><br \/>\n<span style=\"color: #000000;\">Die Keywordd-Dichte sollte nicht zu gro\u00df sein. Also \u00f6fters im Text ben\u00fctzen aber nicht zu oft. Der beste Wert liegt bei 1 &#8211; 1,5 % (ca. 5 Score). <\/span><\/p>\n<p><span style=\"color: #000000;\">&#8211; Das Bild muss im &#8220;alternativer Text&#8221; das Schl\u00fcsselwort haben, also Bild bearbeiten (2 Score).<\/span><br \/>\n<span style=\"color: #000000;\">&#8211; Interne Links ben\u00fctzen (2 Score).<\/span><br \/>\n<span style=\"color: #000000;\">&#8211; Externe Links, also zu anderen Website (z.B. Forschungsseiten, wiki oder ??) (kann bis 5 Score bringen).<\/span><br \/>\n<span style=\"color: #000000;\">&#8211; Ein Inhaltsverzeichnis <em><span style=\"color: #ff9900;\">kann<\/span> von Google<\/em> ben\u00fctzt und dann besser verlinkt werden.<\/span><\/p>\n<p>&#8212;<\/p>\n<p>\u00dcberblick:<\/p>\n<ol>\n<li>Titel<\/li>\n<li>Links<\/li>\n<li>Beschreibung<\/li>\n<li>Beschreibung2<\/li>\n<li>usw.<\/li>\n<\/ol>\n<p>Doppelseitiges Flies wasserl\u00f6slich und dadurch bemerkenswert gut auch f\u00fcr die Umwelt. Artikel Nr: x153999<\/p>\n<p><span style=\"color: #ff0000;\">!!!<\/span> Sehr interessant sind auch die Stanzteile aus <a href=\"https:\/\/www.tapes-and-more.de\/en\/product-2\/f581\/\">Flies<\/a> <span style=\"color: #ff0000;\">(interner Link)<\/span>. Lesen Sie die Ergebnisse der Automobilindustrie http:\/\/tapes-and-more.de\/bumpergard oder <a href=\"https:\/\/de.wikipedia.org\/wiki\/Fliesstoff\">wiki &#8211; Fliesstoff<\/a> <span style=\"color: #ff0000;\">(externer Link)<\/span>. Der Text sollte <span style=\"color: #ff0000;\">mindestens 600 Zeichen<\/span> sein da nur dann der SEO-Score erh\u00f6ht wird. Daher schriebe ich nun einen l\u00e4ngeren Text hier rein.\u00a0 <span style=\"color: #ff0000;\">!!!<\/span><\/p>\n<p>Als Ger\u00e4uschd\u00e4mmmaterial in der Kalbelbaumindustrie aber auch \u00fcberall wo ein klappern verindert werden soll. Um Spalten ab zu dichten um Staub draussen zu lassen. Das Flies hat ein geringe Dehnung. Flies ist manuell und maschinell leicht zu verabeiten und auch per Hand zu rei\u00dfen. Auch Temperaturen \u00fcber 100 Grad h\u00e4lt aus. Da das Band mit einem Acrylastkleber versehen ist vertr\u00e4gt es sich auch gut mit Kabelisoliermaterial, daher gut f\u00fcr Kabelb\u00e4ume vom Typ 3.<\/p>\n<p>Durch den Acrylatkleber ist Flies auch viele Jahre haltbar und kann daher in Teile Verbaut werden die nicht oft ge\u00e4ndert werden bzw. lange ihre Funktion behalten. <span style=\"color: #ff6600;\">Da es schwer ist ein Text mit 600 W\u00f6rtern zu f\u00fcllen habe ich den obigen Text einfach kopiert.<\/span><\/p>\n<p>Als Ger\u00e4uschd\u00e4mmmaterial in der Kalbelbaumindustrie aber auch \u00fcberall wo ein klappern verindert werden soll. Um Spalten ab zu dichten um Staub draussen zu lassen. Flies hat ein geringe Dehnung. Es ist manuell und maschinell leicht zu verabeiten und auch per Hand zu rei\u00dfen. Auch Temperaturen \u00fcber 100 Grad h\u00e4lt Flies aus.<\/p>\n<p>Da das Band mit einem Acrylastkleber versehen ist vertr\u00e4gt es sich auch gut mit Kabelisoliermaterial, daher gut f\u00fcr Kabelb\u00e4ume vom Typ 3. Durch den Acrylatkleber ist das Klebeband auch viele Jahre haltbar und kann daher in Teile verbaut werden die nicht oft ge\u00e4ndert werden bzw. lange ihre Funktion behalten.<\/p>\n<p>Als Ger\u00e4uschd\u00e4mmmaterial in der Kalbelbaumindustrie aber auch \u00fcberall wo ein klappern verindert werden soll. Um Spalten ab zu dichten um Staub draussen zu lassen. Das Material hat ein geringe Dehnung. Es ist manuell und maschinell leicht zu verabeiten und auch per Hand zu rei\u00dfen. Auch Temperaturen \u00fcber 100 Grad h\u00e4lt das Material aus. Da das Band mit einem Acrylastkleber versehen ist vertr\u00e4gt es sich auch gut mit Kabelisoliermaterial, daher gut f\u00fcr Kabelb\u00e4ume vom Typ 3.<\/p>\n<p>Durch den Acrylatkleber ist das Klebeband auch viele Jahre haltbar und kann daher in Teile verbaut werden die nicht oft ge\u00e4ndert werden bzw. lange ihre Funktion behalten. Als Ger\u00e4uschd\u00e4mmmaterial in der Kalbelbaumindustrie aber auch \u00fcberall wo ein klappern verindert werden soll. Um Spalten ab zu dichten um Staub draussen zu lassen.<\/p>\n<p>Flies hat ein geringe Dehnung. Es ist manuell und maschinell leicht zu verabeiten und auch per Hand zu rei\u00dfen. Auch Temperaturen \u00fcber 100 Grad h\u00e4lt das Material aus. Da das Band mit einem Acrylastkleber versehen ist vertr\u00e4gt es sich auch gut mit Kabelisoliermaterial, daher gut f\u00fcr Kabelb\u00e4ume vom Typ 3.<\/p>\n<p>Durch den Acrylatkleber ist das Klebeband auch viele Jahre haltbar und kann daher in Teile verbaut werden die nicht oft ge\u00e4ndert werden bzw. lange ihre Funktion behalten. Als Ger\u00e4uschd\u00e4mmmaterial in der Kalbelbaumindustrie aber auch \u00fcberall wo ein klappern verindert werden soll. Um Spalten ab zu dichten um Staub draussen zu lassen.<\/p>\n<p>Das Material hat ein geringe Dehnung. Es ist manuell und maschinell leicht zu verabeiten und auch per Hand zu rei\u00dfen. Auch Temperaturen \u00fcber 100 Grad h\u00e4lt das Material aus. Da das Band mit einem Acrylastkleber versehen ist vertr\u00e4gt es sich auch gut mit Kabelisoliermaterial, daher gut f\u00fcr Kabelb\u00e4ume vom Typ 3.<\/p>\n<p>Durch den Acrylatkleber ist das Klebeband auch viele Jahre haltbar und kann daher in Teile verbaut werden die nicht oft ge\u00e4ndert werden bzw. lange ihre Funktion behalten. Als Ger\u00e4uschd\u00e4mmmaterial in der Kalbelbaumindustrie aber auch \u00fcberall wo ein klappern verindert werden soll. Um Spalten ab zu dichten um Staub draussen zu lassen.<\/p>","protected":false},"featured_media":235260,"template":"","meta":[],"product_brand":[],"product_cat":[195,83,196,392,124,82],"product_tag":[],"class_list":{"0":"post-235422","1":"product","2":"type-product","3":"status-publish","4":"has-post-thumbnail","6":"product_cat-doppelseitig-papierindustrie","7":"product_cat-spezial","8":"product_cat-spezial-papierindustrie","9":"product_cat-spezial-spleissen","10":"product_cat-spleissen","11":"product_cat-zweiseitige_oder_doppelseitige_baender","13":"first","14":"outofstock","15":"product-type-simple"},"meta_box":{"woo_sort_prod_cloth":"","woo_sort_app":"","woo_sort_branch":"","woo_sort_prod_metal":"","woo_beschreibung-produkt":"TEST Doppelseitiges Flies wasserl\u00f6slich - Bemerkenswert Flies mit 3 guten Eigenschaften.","woo_kurztext":"","woo_traeger":"SpezielFlies","woo_tragerstarke":"","woo_gesamtstaerke":"105 \u00b5m","woo_mesh":"","woo_klebertyp":"Acrylat WB","woo_klebekraft":"1 N\/cm","woo_reissfestigkeit":"","woo_dehnung":"","woo_temperatur":"","woo_durchschlagsfestigkeit":"","woo_durchschlagsspannung":"","woo_wasserundurchlaessig":"","woo_liner":"Papier","woo_kern_typ":".","woo_kern_mm":"","woo_spec":"","woo_uv_bestaendigkeit":"","woo_laengen":"","woo_breite":"","woo_farben":""},"_links":{"self":[{"href":"https:\/\/www.tapes-and-more.de\/en\/wp-json\/wp\/v2\/product\/235422","targetHints":{"allow":["GET"]}}],"collection":[{"href":"https:\/\/www.tapes-and-more.de\/en\/wp-json\/wp\/v2\/product"}],"about":[{"href":"https:\/\/www.tapes-and-more.de\/en\/wp-json\/wp\/v2\/types\/product"}],"wp:featuredmedia":[{"embeddable":true,"href":"https:\/\/www.tapes-and-more.de\/en\/wp-json\/wp\/v2\/media\/235260"}],"wp:attachment":[{"href":"https:\/\/www.tapes-and-more.de\/en\/wp-json\/wp\/v2\/media?parent=235422"}],"wp:term":[{"taxonomy":"product_brand","embeddable":true,"href":"https:\/\/www.tapes-and-more.de\/en\/wp-json\/wp\/v2\/product_brand?post=235422"},{"taxonomy":"product_cat","embeddable":true,"href":"https:\/\/www.tapes-and-more.de\/en\/wp-json\/wp\/v2\/product_cat?post=235422"},{"taxonomy":"product_tag","embeddable":true,"href":"https:\/\/www.tapes-and-more.de\/en\/wp-json\/wp\/v2\/product_tag?post=235422"}],"curies":[{"name":"wp","href":"https:\/\/api.w.org\/{rel}","templated":true}]}}